{"id":677,"date":"2026-02-14T17:10:23","date_gmt":"2026-02-14T16:10:23","guid":{"rendered":"https:\/\/catedracpsupm.es\/news\/"},"modified":"2026-03-31T16:11:46","modified_gmt":"2026-03-31T14:11:46","slug":"news","status":"publish","type":"page","link":"https:\/\/catedracpsupm.es\/en\/news\/","title":{"rendered":"News"},"content":{"rendered":"\t\t<div data-elementor-type=\"wp-page\" data-elementor-id=\"677\" class=\"elementor elementor-677 elementor-212\">\n\t\t\t\t<div class=\"elementor-element elementor-element-3c8af33 e-flex e-con-boxed e-con e-parent\" data-id=\"3c8af33\" data-element_type=\"container\" data-e-type=\"container\">\n\t\t\t\t\t<div class=\"e-con-inner\">\n\t\t<div class=\"elementor-element elementor-element-5388c53 e-con-full e-flex e-con e-child\" data-id=\"5388c53\" data-element_type=\"container\" data-e-type=\"container\" data-settings=\"{&quot;background_background&quot;:&quot;gradient&quot;}\">\n\t\t\t\t<div class=\"elementor-element elementor-element-5305b95 animated-slow elementor-invisible elementor-widget elementor-widget-heading\" data-id=\"5305b95\" data-element_type=\"widget\" data-e-type=\"widget\" data-settings=\"{&quot;_animation&quot;:&quot;fadeIn&quot;}\" data-widget_type=\"heading.default\">\n\t\t\t\t\t<h1 class=\"elementor-heading-title elementor-size-default\">Lastest news<\/h1>\t\t\t\t<\/div>\n\t\t\t\t<\/div>\n\t\t\t\t\t<\/div>\n\t\t\t\t<\/div>\n\t\t<div class=\"elementor-element elementor-element-5c88db4f animated-slow e-flex e-con-boxed elementor-invisible e-con e-parent\" data-id=\"5c88db4f\" data-element_type=\"container\" data-e-type=\"container\" data-settings=\"{&quot;background_background&quot;:&quot;classic&quot;,&quot;shape_divider_bottom&quot;:&quot;curve&quot;,&quot;animation&quot;:&quot;fadeIn&quot;}\">\n\t\t\t\t\t<div class=\"e-con-inner\">\n\t\t\t\t<div class=\"elementor-shape elementor-shape-bottom\" aria-hidden=\"true\" data-negative=\"false\">\n\t\t\t<svg xmlns=\"http:\/\/www.w3.org\/2000\/svg\" viewBox=\"0 0 1000 100\" preserveAspectRatio=\"none\">\n    <path class=\"elementor-shape-fill\" d=\"M1000,4.3V0H0v4.3C0.9,23.1,126.7,99.2,500,100S1000,22.7,1000,4.3z\"\/>\n<\/svg>\t\t<\/div>\n\t\t\t\t<div class=\"elementor-element elementor-element-b712d4b elementor-widget elementor-widget-hfe-basic-posts\" data-id=\"b712d4b\" data-element_type=\"widget\" data-e-type=\"widget\" data-widget_type=\"hfe-basic-posts.default\">\n\t\t\t\t<div class=\"elementor-widget-container\">\n\t\t\t\t\t\n<div class=\"hfe-posts-grid\">\n\t\t\t<article class=\"hfe-post-card\">\n\t\t\t\t\t\t\t<div class=\"hfe-post-image\">\n\t\t\t\t\t<a href=\"https:\/\/catedracpsupm.es\/en\/2026\/03\/31\/how-do-we-work-in-the-chair\/\" rel=\"bookmark\">\n\t\t\t\t\t\t<img loading=\"lazy\" decoding=\"async\" width=\"300\" height=\"200\" src=\"https:\/\/catedracpsupm.es\/wp-content\/uploads\/2026\/03\/pexels-felicity-tai-7964540-300x200.jpg\" class=\"attachment-medium size-medium wp-post-image\" alt=\"How do we work in the Chair?\" loading=\"lazy\" srcset=\"https:\/\/catedracpsupm.es\/wp-content\/uploads\/2026\/03\/pexels-felicity-tai-7964540-300x200.jpg 300w, https:\/\/catedracpsupm.es\/wp-content\/uploads\/2026\/03\/pexels-felicity-tai-7964540-768x512.jpg 768w, https:\/\/catedracpsupm.es\/wp-content\/uploads\/2026\/03\/pexels-felicity-tai-7964540.jpg 900w\" sizes=\"auto, (max-width: 300px) 100vw, 300px\" \/>\t\t\t\t\t<\/a>\n\t\t\t\t<\/div>\n\t\t\t\n\t\t\t<div class=\"hfe-post-content\">\n\t\t\t\t\t\t\t\t\t<h3 class=\"hfe-post-title\">\n\t\t\t\t\t\t<a href=\"https:\/\/catedracpsupm.es\/en\/2026\/03\/31\/how-do-we-work-in-the-chair\/\" rel=\"bookmark\">\n\t\t\t\t\t\t\tHow do we work in the Chair?\t\t\t\t\t\t<\/a>\n\t\t\t\t\t<\/h3>\n\t\t\t\t\n\t\t\t\t\t\t\t\t\t<div class=\"hfe-post-meta\">\n\t\t\t\t\t\t<span class=\"hfe-post-date\">31 de March de 2026<\/span>\t\t\t\t\t<\/div>\n\t\t\t\t\n\t\t\t\t\t\t\t\t\t<div class=\"hfe-post-excerpt\">\n\t\t\t\t\t\tIn the UPM Chair &#8220;Data for a more sustainable mobility&#8221;, as a result of the collaboration between CPS the research...\t\t\t\t\t<\/div>\n\t\t\t\t\n\t\t\t\t\t\t\t<\/div>\n\t\t<\/article>\n\t\t\t\t<article class=\"hfe-post-card\">\n\t\t\t\t\t\t\t<div class=\"hfe-post-image\">\n\t\t\t\t\t<a href=\"https:\/\/catedracpsupm.es\/en\/2026\/03\/19\/chair-data-for-a-more-sustainable-mobility-innovation-and-collaboration-between-upm-and-cps\/\" rel=\"bookmark\">\n\t\t\t\t\t\t<img loading=\"lazy\" decoding=\"async\" width=\"300\" height=\"200\" src=\"https:\/\/catedracpsupm.es\/wp-content\/uploads\/2026\/02\/55086640308_f8e84dce4b_o-300x200.jpg\" class=\"attachment-medium size-medium wp-post-image\" alt=\"Chair &#8220;Data for a More Sustainable Mobility&#8221;: Innovation and Collaboration between UPM and CPS\" loading=\"lazy\" srcset=\"https:\/\/catedracpsupm.es\/wp-content\/uploads\/2026\/02\/55086640308_f8e84dce4b_o-300x200.jpg 300w, https:\/\/catedracpsupm.es\/wp-content\/uploads\/2026\/02\/55086640308_f8e84dce4b_o-768x512.jpg 768w, https:\/\/catedracpsupm.es\/wp-content\/uploads\/2026\/02\/55086640308_f8e84dce4b_o.jpg 1000w\" sizes=\"auto, (max-width: 300px) 100vw, 300px\" \/>\t\t\t\t\t<\/a>\n\t\t\t\t<\/div>\n\t\t\t\n\t\t\t<div class=\"hfe-post-content\">\n\t\t\t\t\t\t\t\t\t<h3 class=\"hfe-post-title\">\n\t\t\t\t\t\t<a href=\"https:\/\/catedracpsupm.es\/en\/2026\/03\/19\/chair-data-for-a-more-sustainable-mobility-innovation-and-collaboration-between-upm-and-cps\/\" rel=\"bookmark\">\n\t\t\t\t\t\t\tChair &#8220;Data for a More Sustainable Mobility&#8221;: Innovation and Collaboration between UPM and CPS\t\t\t\t\t\t<\/a>\n\t\t\t\t\t<\/h3>\n\t\t\t\t\n\t\t\t\t\t\t\t\t\t<div class=\"hfe-post-meta\">\n\t\t\t\t\t\t<span class=\"hfe-post-date\">19 de March de 2026<\/span>\t\t\t\t\t<\/div>\n\t\t\t\t\n\t\t\t\t\t\t\t\t\t<div class=\"hfe-post-excerpt\">\n\t\t\t\t\t\tCPS Infraestructuras, Movilidad y Medio Ambiente and the Universidad Polit\u00e9cnica de Madrid (UPM), have formalized a strategic agreement that gives...\t\t\t\t\t<\/div>\n\t\t\t\t\n\t\t\t\t\t\t\t<\/div>\n\t\t<\/article>\n\t\t\t\t<article class=\"hfe-post-card\">\n\t\t\t\t\t\t\t<div class=\"hfe-post-image\">\n\t\t\t\t\t<a href=\"https:\/\/catedracpsupm.es\/en\/2026\/03\/10\/official-presentation-of-the-chair-data-for-a-more-sustainable-mobility\/\" rel=\"bookmark\">\n\t\t\t\t\t\t<img loading=\"lazy\" decoding=\"async\" width=\"300\" height=\"200\" src=\"https:\/\/catedracpsupm.es\/wp-content\/uploads\/2026\/03\/DSC03189-300x200.jpg\" class=\"attachment-medium size-medium wp-post-image\" alt=\"Official presentation of the Chair &#8220;Data for a more sustainable mobility&#8221;.\" loading=\"lazy\" srcset=\"https:\/\/catedracpsupm.es\/wp-content\/uploads\/2026\/03\/DSC03189-300x200.jpg 300w, https:\/\/catedracpsupm.es\/wp-content\/uploads\/2026\/03\/DSC03189-768x512.jpg 768w, https:\/\/catedracpsupm.es\/wp-content\/uploads\/2026\/03\/DSC03189.jpg 1000w\" sizes=\"auto, (max-width: 300px) 100vw, 300px\" \/>\t\t\t\t\t<\/a>\n\t\t\t\t<\/div>\n\t\t\t\n\t\t\t<div class=\"hfe-post-content\">\n\t\t\t\t\t\t\t\t\t<h3 class=\"hfe-post-title\">\n\t\t\t\t\t\t<a href=\"https:\/\/catedracpsupm.es\/en\/2026\/03\/10\/official-presentation-of-the-chair-data-for-a-more-sustainable-mobility\/\" rel=\"bookmark\">\n\t\t\t\t\t\t\tOfficial presentation of the Chair &#8220;Data for a more sustainable mobility&#8221;.\t\t\t\t\t\t<\/a>\n\t\t\t\t\t<\/h3>\n\t\t\t\t\n\t\t\t\t\t\t\t\t\t<div class=\"hfe-post-meta\">\n\t\t\t\t\t\t<span class=\"hfe-post-date\">10 de March de 2026<\/span>\t\t\t\t\t<\/div>\n\t\t\t\t\n\t\t\t\t\t\t\t\t\t<div class=\"hfe-post-excerpt\">\n\t\t\t\t\t\tOn January 27th, we officially presented the Chair &#8220;Data for a more sustainable mobility&#8221; CPS-UPM at the School of Civil...\t\t\t\t\t<\/div>\n\t\t\t\t\n\t\t\t\t\t\t\t<\/div>\n\t\t<\/article>\n\t\t<\/div>\n\t\t\t\t<\/div>\n\t\t\t\t<\/div>\n\t\t\t\t\t<\/div>\n\t\t\t\t<\/div>\n\t\t\t\t<\/div>\n\t\t","protected":false},"excerpt":{"rendered":"<p>Lastest news \u00bfC\u00f3mo trabajamos en la C\u00e1tedra? 31 de marzo de 2026 En la C\u00e1tedra UPM \u00abDatos para una movilidad m\u00e1s sostenible\u00bb, fruto de la colaboraci\u00f3n entre CPS, el centro de investigaci\u00f3n&#8230; C\u00e1tedra \u00abDatos para una Movilidad m\u00e1s Sostenible\u00bb: Innovaci\u00f3n y Colaboraci\u00f3n entre la UPM y CPS 19 de marzo de 2026 CPS Infraestructuras, Movilidad [&hellip;]<\/p>\n","protected":false},"author":1,"featured_media":0,"parent":0,"menu_order":0,"comment_status":"closed","ping_status":"closed","template":"elementor_header_footer","meta":{"footnotes":""},"class_list":["post-677","page","type-page","status-publish","hentry","wpbf-post"],"_links":{"self":[{"href":"https:\/\/catedracpsupm.es\/en\/wp-json\/wp\/v2\/pages\/677","targetHints":{"allow":["GET"]}}],"collection":[{"href":"https:\/\/catedracpsupm.es\/en\/wp-json\/wp\/v2\/pages"}],"about":[{"href":"https:\/\/catedracpsupm.es\/en\/wp-json\/wp\/v2\/types\/page"}],"author":[{"embeddable":true,"href":"https:\/\/catedracpsupm.es\/en\/wp-json\/wp\/v2\/users\/1"}],"replies":[{"embeddable":true,"href":"https:\/\/catedracpsupm.es\/en\/wp-json\/wp\/v2\/comments?post=677"}],"version-history":[{"count":1,"href":"https:\/\/catedracpsupm.es\/en\/wp-json\/wp\/v2\/pages\/677\/revisions"}],"predecessor-version":[{"id":678,"href":"https:\/\/catedracpsupm.es\/en\/wp-json\/wp\/v2\/pages\/677\/revisions\/678"}],"wp:attachment":[{"href":"https:\/\/catedracpsupm.es\/en\/wp-json\/wp\/v2\/media?parent=677"}],"curies":[{"name":"wp","href":"https:\/\/api.w.org\/{rel}","templated":true}]}}